{"id":332,"date":"2026-02-26T05:24:00","date_gmt":"2026-02-26T05:24:00","guid":{"rendered":"https:\/\/biblia-online.com\/?page_id=332"},"modified":"2026-02-26T05:24:00","modified_gmt":"2026-02-26T05:24:00","slug":"politica-privacidade","status":"publish","type":"page","link":"https:\/\/biblia-online.com\/es\/politica-de-privacidad\/","title":{"rendered":"pol\u00edtica de privacidad"},"content":{"rendered":"<p>Su privacidad es importante para nosotros. La pol\u00edtica de biblia-online es respetar su privacidad con respecto a cualquier informaci\u00f3n que podamos recopilar de usted en el sitio.\u00a0<a href=\"https:\/\/biblia-online.com\/es\/\">Biblia en l\u00ednea\u00a0<\/a>, y otros sitios web que poseemos y operamos.<\/p>\n\n\n\n<p>Solo solicitamos informaci\u00f3n personal cuando realmente la necesitamos para prestarle un servicio. Lo hacemos de forma justa y legal, con su conocimiento y consentimiento. Asimismo, le informamos sobre el motivo de nuestra recopilaci\u00f3n y c\u00f3mo se utilizar\u00e1.<\/p>\n\n\n\n<p>Solo conservamos la informaci\u00f3n recopilada durante el tiempo necesario para prestar el servicio solicitado. Al almacenar los datos, los protegemos con medidas comercialmente aceptables para evitar su p\u00e9rdida, robo, acceso no autorizado, divulgaci\u00f3n, copia, uso o modificaci\u00f3n.<\/p>\n\n\n\n<p>No compartimos informaci\u00f3n de identificaci\u00f3n personal p\u00fablicamente ni con terceros, excepto cuando lo exige la ley.<\/p>\n\n\n\n<p>Nuestro sitio web puede contener enlaces a sitios externos que no gestionamos. Tenga en cuenta que no tenemos control sobre el contenido ni las pr\u00e1cticas de estos sitios y no nos hacemos responsables de sus pol\u00edticas.&nbsp;<a href=\"https:\/\/privacidade.me\/\" target=\"_BLANK\" rel=\"noreferrer noopener\">pol\u00edticas de privacidad<\/a>.<\/p>\n\n\n\n<p>Usted tiene la libertad de rechazar nuestra solicitud de informaci\u00f3n personal, entendiendo que, en ese caso, es posible que no podamos brindarle algunos de los servicios que desea.<\/p>\n\n\n\n<p>El uso continuado de nuestro sitio web implica la aceptaci\u00f3n de nuestras pr\u00e1cticas en materia de privacidad y protecci\u00f3n de datos personales. Si tiene alguna pregunta sobre c\u00f3mo gestionamos los datos de los usuarios y su informaci\u00f3n personal, p\u00f3ngase en contacto con nosotros.<\/p>\n\n\n\n<h2 class=\"wp-block-heading\">Seguridad y confianza en el sitio web biblia-online<\/h2>\n\n\n\n<p>El sitio web es fiable y seguro para la navegaci\u00f3n del usuario, como afirma [la fuente\/empresa].&nbsp;<a target=\"_BLANK\" href=\"https:\/\/confiavel.com.br\/biblia-online.com\" rel=\"noreferrer noopener\">Verificaci\u00f3n<\/a>. La p\u00e1gina comprueba la informaci\u00f3n del sitio web para identificar posibles problemas de seguridad. La herramienta verifica la actividad de navegaci\u00f3n.&nbsp;<a target=\"_BLANK\" href=\"https:\/\/transparencyreport.google.com\/safe-browsing\/search?url=biblia-online.com\" rel=\"noreferrer noopener\">Seguridad de Google<\/a>&nbsp;Esto demuestra que el sitio es seguro.<\/p>\n\n\n\n<h2 class=\"wp-block-heading\">Pol\u00edtica de cookies de biblia-online<\/h2>\n\n\n\n<h3 class=\"wp-block-heading\">\u00bfQu\u00e9 son las cookies?<\/h3>\n\n\n\n<p>Como es pr\u00e1ctica habitual en casi todos los sitios web profesionales, este sitio utiliza cookies, que son peque\u00f1os archivos que se descargan en su ordenador, para mejorar su experiencia. Esta p\u00e1gina describe qu\u00e9 informaci\u00f3n recopilan, c\u00f3mo la utilizamos y por qu\u00e9 a veces necesitamos almacenar estas cookies. Tambi\u00e9n le explicaremos c\u00f3mo puede evitar que se almacenen estas cookies; sin embargo, esto podr\u00eda afectar negativamente o incluso inutilizar algunas funciones del sitio.<\/p>\n\n\n\n<h3 class=\"wp-block-heading\">\u00bfC\u00f3mo utilizamos las cookies?<\/h3>\n\n\n\n<p>Utilizamos cookies por diversas razones, que se detallan a continuaci\u00f3n. Lamentablemente, en la mayor\u00eda de los casos, no existen opciones est\u00e1ndar para desactivar las cookies sin deshabilitar por completo la funcionalidad y las caracter\u00edsticas que aportan a este sitio web. Le recomendamos que mantenga todas las cookies habilitadas si no est\u00e1 seguro de si las necesita o no, ya que podr\u00edan utilizarse para proporcionarle un servicio que usted utiliza.<\/p>\n\n\n\n<h3 class=\"wp-block-heading\">Deshabilitar cookies<\/h3>\n\n\n\n<p>Puedes impedir que se instalen cookies ajustando la configuraci\u00f3n de tu navegador (consulta la ayuda de tu navegador para saber c\u00f3mo hacerlo). Ten en cuenta que deshabilitar las cookies afectar\u00e1 al funcionamiento de este y muchos otros sitios web que visites. Deshabilitarlas generalmente tambi\u00e9n deshabilitar\u00e1 ciertas funciones y caracter\u00edsticas de este sitio. Por lo tanto, se recomienda no deshabilitarlas.<\/p>\n\n\n\n<h3 class=\"wp-block-heading\">Cookies que configuramos<\/h3>\n\n\n\n<ul class=\"wp-block-list\">\n<li>cookies relacionadas con la cuenta<br><br>Si creas una cuenta con nosotros, utilizaremos cookies para gestionar el proceso de registro y la administraci\u00f3n general. Estas cookies generalmente se eliminar\u00e1n al cerrar sesi\u00f3n, sin embargo, en algunos casos, pueden permanecer para recordar tus preferencias del sitio cuando te vayas.<br><\/li>\n\n\n\n<li>Cookies relacionadas con el inicio de sesi\u00f3n<br><br>Utilizamos cookies cuando inicias sesi\u00f3n para recordar esta acci\u00f3n. Esto evita que tengas que iniciar sesi\u00f3n cada vez que visites una p\u00e1gina nueva. Estas cookies se eliminan o borran autom\u00e1ticamente al cerrar sesi\u00f3n para garantizar que solo puedas acceder a recursos y \u00e1reas restringidas cuando hayas iniciado sesi\u00f3n.<br><\/li>\n\n\n\n<li>Cookies relacionadas con boletines informativos por correo electr\u00f3nico<br><br>Este sitio web ofrece servicios de suscripci\u00f3n a boletines informativos o correos electr\u00f3nicos, y se pueden utilizar cookies para recordar si ya est\u00e1 registrado y para mostrar ciertas notificaciones que solo son v\u00e1lidas para usuarios suscritos o no suscritos.<br><\/li>\n\n\n\n<li>Cookies relacionadas con el procesamiento de pedidos<br><br>Este sitio web ofrece servicios de comercio electr\u00f3nico y pago, y algunas cookies son esenciales para garantizar que su pedido se recuerde entre p\u00e1ginas y podamos procesarlo correctamente.<br><\/li>\n\n\n\n<li>Cookies relacionadas con las b\u00fasquedas<br><br>Peri\u00f3dicamente, ofrecemos encuestas y cuestionarios para brindar informaci\u00f3n interesante, herramientas \u00fatiles o para comprender mejor a nuestros usuarios. Estas encuestas pueden usar cookies para recordar qui\u00e9n ya ha participado o para mostrar resultados precisos despu\u00e9s de cambios de p\u00e1gina.<br><\/li>\n\n\n\n<li>Cookies relacionadas con formularios<br><br>Cuando usted env\u00eda datos a trav\u00e9s de un formulario, como los que se encuentran en las p\u00e1ginas de contacto o en los formularios de comentarios, es posible que se configuren cookies para recordar sus datos de usuario para futuras comunicaciones.<br><\/li>\n\n\n\n<li>cookies de preferencias del sitio<br><br>Para ofrecerte una experiencia \u00f3ptima en este sitio web, te ofrecemos la posibilidad de configurar tus preferencias sobre c\u00f3mo se comporta el sitio cuando lo utilizas. Para recordar tus preferencias, necesitamos usar cookies, de modo que esta informaci\u00f3n se pueda recuperar cada vez que interact\u00faes con una p\u00e1gina afectada por tus preferencias.<\/li>\n<\/ul>\n\n\n\n<h3 class=\"wp-block-heading\">Cookies de terceros<\/h3>\n\n\n\n<p>En algunos casos especiales, tambi\u00e9n utilizamos cookies proporcionadas por terceros de confianza. La siguiente secci\u00f3n detalla las cookies de terceros que puede encontrar en este sitio web.<\/p>\n\n\n\n<ul class=\"wp-block-list\">\n<li>Este sitio utiliza el\u00a0<a href=\"https:\/\/analytics.google.com\/analytics\/web\/\">Google Analytics<\/a>, Esta es una de las soluciones de an\u00e1lisis web m\u00e1s extendidas y fiables, que nos ayuda a comprender c\u00f3mo utilizas el sitio y c\u00f3mo podemos mejorar tu experiencia. Estas cookies pueden registrar informaci\u00f3n como el tiempo que pasas en el sitio y las p\u00e1ginas que visitas, para que podamos seguir creando contenido interesante.<\/li>\n<\/ul>\n\n\n\n<p>Para obtener m\u00e1s informaci\u00f3n sobre las cookies de Google Analytics, visite la p\u00e1gina oficial de Google Analytics.<\/p>\n\n\n\n<ul class=\"wp-block-list\">\n<li>Utilizamos herramientas de an\u00e1lisis de terceros para rastrear y medir el uso de este sitio web y as\u00ed poder seguir creando contenido interesante. Estas cookies pueden registrar informaci\u00f3n como el tiempo que pasas en el sitio o las p\u00e1ginas que visitas, lo que nos ayuda a comprender c\u00f3mo podemos mejorarlo para ti.<\/li>\n\n\n\n<li>Peri\u00f3dicamente, probamos nuevas funciones y realizamos peque\u00f1os cambios en la presentaci\u00f3n del sitio. Mientras probamos estas nuevas funciones, podemos usar cookies para garantizar una experiencia consistente en el sitio, al tiempo que comprendemos qu\u00e9 optimizaciones aprecian m\u00e1s nuestros usuarios.<\/li>\n\n\n\n<li>Como vendemos productos, es importante para nosotros comprender las estad\u00edsticas sobre cu\u00e1ntos visitantes de nuestro sitio web realizan una compra, y ese es el tipo de datos que estas cookies rastrear\u00e1n. Esto es importante para usted porque nos permite realizar predicciones comerciales precisas que nos ayudan a analizar nuestros costos de publicidad y productos para garantizar el mejor precio posible.<\/li>\n<\/ul>\n\n\n\n<h3 class=\"wp-block-heading\">Compromiso del usuario<\/h3>\n\n\n\n<p>El usuario acepta hacer un uso apropiado del contenido y la informaci\u00f3n que biblia-online ofrece en el sitio web, lo cual es ilustrativo pero no se limita a:<\/p>\n\n\n\n<ul class=\"wp-block-list\">\n<li>A) No participar en actividades que sean ilegales o contrarias a la buena fe y al orden p\u00fablico;<\/li>\n\n\n\n<li>B) No difundir propaganda o contenido de naturaleza racista o xen\u00f3foba, o relacionado con juegos de azar, juegos de azar, cualquier tipo de pornograf\u00eda ilegal o contenido que promueva el terrorismo o viole los derechos humanos;<\/li>\n\n\n\n<li>C) No causar da\u00f1os a los sistemas f\u00edsicos (hardware) y l\u00f3gicos (software) de biblia-online, sus proveedores o terceros, mediante la introducci\u00f3n o difusi\u00f3n de virus inform\u00e1ticos o cualquier otro sistema de hardware o software capaz de causar los da\u00f1os mencionados.<\/li>\n<\/ul>\n\n\n\n<h3 class=\"wp-block-heading\">Bloquear cookies:<\/h3>\n\n\n\n<p>Los usuarios pueden bloquear o deshabilitar las cookies de cualquier sitio web, incluido el nuestro, en cualquier momento. Para ello, acceda a la configuraci\u00f3n de su navegador. A continuaci\u00f3n encontrar\u00e1 gu\u00edas de ayuda para los principales navegadores:<\/p>\n\n\n\n<ul class=\"wp-block-list\">\n<li><a href=\"https:\/\/support.google.com\/accounts\/answer\/61416?hl=en\" target=\"_blank\" rel=\"noreferrer noopener\">Google Chrome<\/a><\/li>\n\n\n\n<li><a href=\"https:\/\/support.mozilla.org\/en-US\/kb\/enhanced-tracking-protection-firefox-desktop?redirectlocale=en-US&amp;redirectslug=enable-and-disable-cookies-website-preferences\" target=\"_blank\" rel=\"noreferrer noopener\">Firefox<\/a><\/li>\n\n\n\n<li><a href=\"https:\/\/support.microsoft.com\/pt-br\/help\/17442\/windows-internet-explorer-delete-manage-cookies\" target=\"_blank\" rel=\"noreferrer noopener\">Microsoft Edge<\/a><\/li>\n\n\n\n<li><a href=\"https:\/\/blogs.opera.com\/news\/2015\/08\/how-to-manage-cookies-in-opera\/\" target=\"_blank\" rel=\"noreferrer noopener\">\u00d3pera<\/a><\/li>\n\n\n\n<li><a href=\"https:\/\/support.apple.com\/pt-br\/guide\/safari\/sfri11471\/mac\" target=\"_blank\" rel=\"noreferrer noopener\">Safari\u00a0<\/a>.<\/li>\n<\/ul>\n\n\n\n<h3 class=\"wp-block-heading\">M\u00e1s informaci\u00f3n<\/h3>\n\n\n\n<p>Esperamos que esto quede claro y, como ya se ha mencionado, si no est\u00e1 seguro de si necesita o no las cookies, generalmente es m\u00e1s seguro dejarlas habilitadas por si interact\u00faa con alguna de las funciones que utiliza en nuestro sitio web.<\/p>","protected":false},"excerpt":{"rendered":"<p>A sua privacidade \u00e9 importante para n\u00f3s. \u00c9 pol\u00edtica do biblia-online respeitar a sua privacidade em rela\u00e7\u00e3o a qualquer informa\u00e7\u00e3o sua que possamos coletar no site\u00a0biblia-online\u00a0, e outros sites que possu\u00edmos e operamos. Solicitamos informa\u00e7\u00f5es pessoais apenas quando realmente precisamos delas para lhe fornecer um servi\u00e7o. Fazemo-lo por meios justos e legais, com o seu [&hellip;]<\/p>\n","protected":false},"author":1,"featured_media":0,"parent":0,"menu_order":0,"comment_status":"closed","ping_status":"closed","template":"","meta":{"footnotes":""},"class_list":["post-332","page","type-page","status-publish"],"_links":{"self":[{"href":"https:\/\/biblia-online.com\/es\/wp-json\/wp\/v2\/pages\/332","targetHints":{"allow":["GET"]}}],"collection":[{"href":"https:\/\/biblia-online.com\/es\/wp-json\/wp\/v2\/pages"}],"about":[{"href":"https:\/\/biblia-online.com\/es\/wp-json\/wp\/v2\/types\/page"}],"author":[{"embeddable":true,"href":"https:\/\/biblia-online.com\/es\/wp-json\/wp\/v2\/users\/1"}],"replies":[{"embeddable":true,"href":"https:\/\/biblia-online.com\/es\/wp-json\/wp\/v2\/comments?post=332"}],"version-history":[{"count":1,"href":"https:\/\/biblia-online.com\/es\/wp-json\/wp\/v2\/pages\/332\/revisions"}],"predecessor-version":[{"id":333,"href":"https:\/\/biblia-online.com\/es\/wp-json\/wp\/v2\/pages\/332\/revisions\/333"}],"wp:attachment":[{"href":"https:\/\/biblia-online.com\/es\/wp-json\/wp\/v2\/media?parent=332"}],"curies":[{"name":"wp","href":"https:\/\/api.w.org\/{rel}","templated":true}]}}