{"id":334,"date":"2026-02-26T05:24:33","date_gmt":"2026-02-26T05:24:33","guid":{"rendered":"https:\/\/biblia-online.com\/?page_id=334"},"modified":"2026-02-26T05:24:33","modified_gmt":"2026-02-26T05:24:33","slug":"termos-de-uso","status":"publish","type":"page","link":"https:\/\/biblia-online.com\/es\/condiciones-de-uso\/","title":{"rendered":"Condiciones de uso"},"content":{"rendered":"<h2>1. T\u00e9rminos<\/h2>\n<p>Al acceder al sitio web <a href='\/es\/biblia-online.com\/'>Biblia en l\u00ednea <\/a>, acepta cumplir con estos <a href=\"https:\/\/privacidade.me\/\" target='_BLANK' style='color: #727496; text-decoration: none;' >condiciones de uso<\/a>, Usted se compromete a cumplir con todas las leyes y regulaciones aplicables y es responsable del cumplimiento de todas las leyes locales aplicables. Si no est\u00e1 de acuerdo con alguno de estos t\u00e9rminos, tiene prohibido usar o acceder a este sitio. El material contenido en este sitio web est\u00e1 protegido por las leyes de derechos de autor y marcas registradas aplicables.<\/p>\n<h2>2. Uso de la licencia<\/h2>\n<p>Se concede permiso para descargar temporalmente una copia de los materiales (informaci\u00f3n o software) del sitio web biblia-online \u00fanicamente para su visualizaci\u00f3n personal, no comercial y transitoria. Esto constituye una licencia de uso, no una transferencia de propiedad, y bajo esta licencia usted no podr\u00e1: <\/p>\n<ol>\n<li>modificar o copiar los materiales; <\/li>\n<li>No utilice los materiales para ning\u00fan fin comercial ni para su exhibici\u00f3n p\u00fablica (comercial o no comercial); <\/li>\n<li>Intentar descompilar o aplicar ingenier\u00eda inversa a cualquier software contenido en el sitio web biblia-online; ; <\/li>\n<li>eliminar cualquier aviso de derechos de autor u otras anotaciones de propiedad de los materiales; o <\/li>\n<li>Transfiera los materiales a otra persona o &quot;reproduzca&quot; los materiales en cualquier otro servidor.<\/li>\n<\/ol>\n<p>Esta licencia quedar\u00e1 autom\u00e1ticamente sin efecto si usted infringe alguna de estas restricciones y podr\u00e1 ser rescindida por biblia-online en cualquier momento. Al finalizar la visualizaci\u00f3n de estos materiales o al expirar esta licencia, deber\u00e1 destruir todos los materiales descargados que obren en su poder, ya sea en formato electr\u00f3nico o impreso.<\/p>\n<h2>3. Descargo de responsabilidad<\/h2>\n<ol>\n<li>Los materiales del sitio web biblia-online se proporcionan \u2018tal cual\u2019. biblia-online no ofrece garant\u00edas, expresas ni impl\u00edcitas, y por la presente renuncia y niega todas las dem\u00e1s garant\u00edas, incluidas, entre otras, las garant\u00edas o condiciones impl\u00edcitas de comerciabilidad, idoneidad para un prop\u00f3sito particular o no infracci\u00f3n de la propiedad intelectual u otra violaci\u00f3n de derechos. <\/li>\n<li>Adem\u00e1s, biblia-online no garantiza ni realiza ninguna declaraci\u00f3n con respecto a la exactitud, los resultados probables o la fiabilidad del uso de los materiales en su sitio web o relacionados de cualquier otra manera con dichos materiales o en cualquier sitio vinculado a este sitio.<\/li>\n<\/ol>\n<h2>4. Limitaciones<\/h2>\n<p>En ning\u00fan caso biblia-online ni sus proveedores ser\u00e1n responsables de da\u00f1os y perjuicios (incluidos, entre otros, da\u00f1os por p\u00e9rdida de datos o beneficios, o por interrupci\u00f3n de la actividad comercial) derivados del uso o la imposibilidad de usar los materiales de biblia-online, incluso si biblia-online o un representante autorizado de biblia-online ha sido notificado verbalmente o por escrito de la posibilidad de tales da\u00f1os. Dado que algunas jurisdicciones no permiten limitaciones en las garant\u00edas impl\u00edcitas ni limitaciones de responsabilidad por da\u00f1os consecuenciales o incidentales, es posible que estas limitaciones no se apliquen en su caso.<\/p>\n<h2>5. Precisi\u00f3n de los materiales<\/h2>\n<p>Los materiales mostrados en el sitio web biblia-online pueden contener errores t\u00e9cnicos, tipogr\u00e1ficos o fotogr\u00e1ficos. biblia-online no garantiza que el material de su sitio web sea preciso, completo o est\u00e9 actualizado. biblia-online puede modificar los materiales de su sitio web en cualquier momento y sin previo aviso. Sin embargo, biblia-online no se compromete a actualizar dichos materiales.<\/p>\n<h2>6. Enlaces<\/h2>\n<p>La Biblia en l\u00ednea no ha revisado todos los sitios web enlazados desde su p\u00e1gina y no se responsabiliza del contenido de dichos sitios. La inclusi\u00f3n de cualquier enlace no implica la aprobaci\u00f3n de la Biblia en l\u00ednea del sitio enlazado. El uso de cualquier sitio web enlazado es responsabilidad del usuario.<\/p>\n<\/p>\n<h3>Modificaciones<\/h3>\n<p>La Biblia en l\u00ednea puede modificar estos t\u00e9rminos de servicio del sitio web en cualquier momento sin previo aviso. Al usar este sitio web, usted acepta regirse por la versi\u00f3n vigente de estos t\u00e9rminos de servicio.<\/p>\n<h3>Ley aplicable<\/h3>\n<p>Estos t\u00e9rminos y condiciones se rigen e interpretan de acuerdo con las leyes de biblia-online, y usted se somete irrevocablemente a la jurisdicci\u00f3n exclusiva de los tribunales de ese estado o localidad.<\/p>","protected":false},"excerpt":{"rendered":"<p>1. Termos Ao acessar ao site biblia-online , concorda em cumprir estes termos de uso, todas as leis e regulamentos aplic\u00e1veis \u200b\u200be concorda que \u00e9 respons\u00e1vel pelo cumprimento de todas as leis locais aplic\u00e1veis. Se voc\u00ea n\u00e3o concordar com algum desses termos, est\u00e1 proibido de usar ou acessar este site. Os materiais contidos neste site [&hellip;]<\/p>\n","protected":false},"author":1,"featured_media":0,"parent":0,"menu_order":0,"comment_status":"closed","ping_status":"closed","template":"","meta":{"footnotes":""},"class_list":["post-334","page","type-page","status-publish"],"_links":{"self":[{"href":"https:\/\/biblia-online.com\/es\/wp-json\/wp\/v2\/pages\/334","targetHints":{"allow":["GET"]}}],"collection":[{"href":"https:\/\/biblia-online.com\/es\/wp-json\/wp\/v2\/pages"}],"about":[{"href":"https:\/\/biblia-online.com\/es\/wp-json\/wp\/v2\/types\/page"}],"author":[{"embeddable":true,"href":"https:\/\/biblia-online.com\/es\/wp-json\/wp\/v2\/users\/1"}],"replies":[{"embeddable":true,"href":"https:\/\/biblia-online.com\/es\/wp-json\/wp\/v2\/comments?post=334"}],"version-history":[{"count":1,"href":"https:\/\/biblia-online.com\/es\/wp-json\/wp\/v2\/pages\/334\/revisions"}],"predecessor-version":[{"id":335,"href":"https:\/\/biblia-online.com\/es\/wp-json\/wp\/v2\/pages\/334\/revisions\/335"}],"wp:attachment":[{"href":"https:\/\/biblia-online.com\/es\/wp-json\/wp\/v2\/media?parent=334"}],"curies":[{"name":"wp","href":"https:\/\/api.w.org\/{rel}","templated":true}]}}