{"id":339,"date":"2026-02-26T05:28:17","date_gmt":"2026-02-26T05:28:17","guid":{"rendered":"https:\/\/biblia-online.com\/?page_id=339"},"modified":"2026-02-26T05:28:17","modified_gmt":"2026-02-26T05:28:17","slug":"quem-somos","status":"publish","type":"page","link":"https:\/\/biblia-online.com\/es\/quienes-somos\/","title":{"rendered":"Qui\u00e9nes somos"},"content":{"rendered":"<p>O <b>Biblia en l\u00ednea<\/b> Nacimos con la misi\u00f3n de hacer que la Palabra de Dios sea accesible a todas las personas, sin importar d\u00f3nde se encuentren. Somos una plataforma dedicada a compartir las Escrituras de forma clara, organizada y f\u00e1cil de usar, permitiendo que cualquier persona lea, estudie y reflexione sobre las ense\u00f1anzas b\u00edblicas en su vida diaria.<\/p>\n<p>Nuestro equipo est\u00e1 formado por personas apasionadas por el mensaje cristiano y la tecnolog\u00eda, unidas por el prop\u00f3sito de usar internet como instrumento de fe, esperanza y transformaci\u00f3n. Creemos que la Biblia es fuente de sabidur\u00eda, consuelo y gu\u00eda para la vida, y por ello trabajamos continuamente para ofrecer contenido inspirador, pasajes, estudios y reflexiones que fortalezcan el camino espiritual de nuestros lectores.<\/p>\n<p>M\u00e1s que un sitio web, el <b>Biblia en l\u00ednea<\/b> Es un punto de encuentro para quienes buscan paz, gu\u00eda y crecimiento espiritual. Nuestro compromiso es compartir la Palabra con respeto, responsabilidad y amor, ayudando a las personas a conectar con Dios en cualquier momento y lugar.<\/p>","protected":false},"excerpt":{"rendered":"<p>O B\u00edblia Online nasceu com a miss\u00e3o de tornar a Palavra de Deus acess\u00edvel a todas as pessoas, independentemente de onde estejam. Somos uma plataforma dedicada a compartilhar as Escrituras de forma clara, organizada e f\u00e1cil de navegar, permitindo que qualquer pessoa possa ler, estudar e refletir sobre os ensinamentos b\u00edblicos no dia a dia. [&hellip;]<\/p>\n","protected":false},"author":1,"featured_media":0,"parent":0,"menu_order":0,"comment_status":"closed","ping_status":"closed","template":"","meta":{"footnotes":""},"class_list":["post-339","page","type-page","status-publish"],"_links":{"self":[{"href":"https:\/\/biblia-online.com\/es\/wp-json\/wp\/v2\/pages\/339","targetHints":{"allow":["GET"]}}],"collection":[{"href":"https:\/\/biblia-online.com\/es\/wp-json\/wp\/v2\/pages"}],"about":[{"href":"https:\/\/biblia-online.com\/es\/wp-json\/wp\/v2\/types\/page"}],"author":[{"embeddable":true,"href":"https:\/\/biblia-online.com\/es\/wp-json\/wp\/v2\/users\/1"}],"replies":[{"embeddable":true,"href":"https:\/\/biblia-online.com\/es\/wp-json\/wp\/v2\/comments?post=339"}],"version-history":[{"count":1,"href":"https:\/\/biblia-online.com\/es\/wp-json\/wp\/v2\/pages\/339\/revisions"}],"predecessor-version":[{"id":341,"href":"https:\/\/biblia-online.com\/es\/wp-json\/wp\/v2\/pages\/339\/revisions\/341"}],"wp:attachment":[{"href":"https:\/\/biblia-online.com\/es\/wp-json\/wp\/v2\/media?parent=339"}],"curies":[{"name":"wp","href":"https:\/\/api.w.org\/{rel}","templated":true}]}}