{"id":339,"date":"2026-02-26T05:28:17","date_gmt":"2026-02-26T05:28:17","guid":{"rendered":"https:\/\/biblia-online.com\/?page_id=339"},"modified":"2026-02-26T05:28:17","modified_gmt":"2026-02-26T05:28:17","slug":"quem-somos","status":"publish","type":"page","link":"https:\/\/biblia-online.com\/ru\/quem-somos\/","title":{"rendered":"\u041a\u0442\u043e \u043c\u044b \u0442\u0430\u043a\u0438\u0435"},"content":{"rendered":"<p>O <b>\u0411\u0438\u0431\u043b\u0438\u044f \u043e\u043d\u043b\u0430\u0439\u043d<\/b> nasceu com a miss\u00e3o de tornar a Palavra de Deus acess\u00edvel a todas as pessoas, independentemente de onde estejam. Somos uma plataforma dedicada a compartilhar as Escrituras de forma clara, organizada e f\u00e1cil de navegar, permitindo que qualquer pessoa possa ler, estudar e refletir sobre os ensinamentos b\u00edblicos no dia a dia.<\/p>\n<p>Nossa equipe \u00e9 formada por apaixonados pela mensagem crist\u00e3 e pela tecnologia, unidos pelo prop\u00f3sito de usar a internet como instrumento de f\u00e9, esperan\u00e7a e transforma\u00e7\u00e3o. Acreditamos que a B\u00edblia \u00e9 fonte de sabedoria, conforto e dire\u00e7\u00e3o para a vida, e por isso trabalhamos continuamente para oferecer conte\u00fados inspiradores, passagens, estudos e reflex\u00f5es que fortale\u00e7am a caminhada espiritual de nossos leitores.<\/p>\n<p>Mais do que um site, o <b>\u0411\u0438\u0431\u043b\u0438\u044f \u043e\u043d\u043b\u0430\u0439\u043d<\/b> \u00e9 um ponto de encontro para quem busca paz, orienta\u00e7\u00e3o e crescimento espiritual. Nosso compromisso \u00e9 levar a Palavra com respeito, responsabilidade e amor, ajudando pessoas a se conectarem com Deus a qualquer hora e em qualquer lugar.<\/p>","protected":false},"excerpt":{"rendered":"<p>O B\u00edblia Online nasceu com a miss\u00e3o de tornar a Palavra de Deus acess\u00edvel a todas as pessoas, independentemente de onde estejam. Somos uma plataforma dedicada a compartilhar as Escrituras de forma clara, organizada e f\u00e1cil de navegar, permitindo que qualquer pessoa possa ler, estudar e refletir sobre os ensinamentos b\u00edblicos no dia a dia. [&hellip;]<\/p>\n","protected":false},"author":1,"featured_media":0,"parent":0,"menu_order":0,"comment_status":"closed","ping_status":"closed","template":"","meta":{"footnotes":""},"class_list":["post-339","page","type-page","status-publish"],"_links":{"self":[{"href":"https:\/\/biblia-online.com\/ru\/wp-json\/wp\/v2\/pages\/339","targetHints":{"allow":["GET"]}}],"collection":[{"href":"https:\/\/biblia-online.com\/ru\/wp-json\/wp\/v2\/pages"}],"about":[{"href":"https:\/\/biblia-online.com\/ru\/wp-json\/wp\/v2\/types\/page"}],"author":[{"embeddable":true,"href":"https:\/\/biblia-online.com\/ru\/wp-json\/wp\/v2\/users\/1"}],"replies":[{"embeddable":true,"href":"https:\/\/biblia-online.com\/ru\/wp-json\/wp\/v2\/comments?post=339"}],"version-history":[{"count":1,"href":"https:\/\/biblia-online.com\/ru\/wp-json\/wp\/v2\/pages\/339\/revisions"}],"predecessor-version":[{"id":341,"href":"https:\/\/biblia-online.com\/ru\/wp-json\/wp\/v2\/pages\/339\/revisions\/341"}],"wp:attachment":[{"href":"https:\/\/biblia-online.com\/ru\/wp-json\/wp\/v2\/media?parent=339"}],"curies":[{"name":"wp","href":"https:\/\/api.w.org\/{rel}","templated":true}]}}